{"id":9747,"date":"2025-09-22T12:48:30","date_gmt":"2025-09-22T10:48:30","guid":{"rendered":"https:\/\/www.livahaus.com\/?page_id=9747"},"modified":"2025-09-22T12:59:52","modified_gmt":"2025-09-22T10:59:52","slug":"comming-soon","status":"publish","type":"page","link":"https:\/\/www.livahaus.com\/de\/","title":{"rendered":"Demn\u00e4chst"},"content":{"rendered":"\t\t<div data-elementor-type=\"wp-page\" data-elementor-id=\"9747\" class=\"elementor elementor-9747\">\n\t\t\t\t\t\t<section class=\"elementor-section elementor-top-section elementor-element elementor-element-24c185d elementor-section-full_width elementor-section-height-default elementor-section-height-default qodef-elementor-content-no\" data-id=\"24c185d\" data-element_type=\"section\">\n\t\t\t\t\t\t<div class=\"elementor-container elementor-column-gap-default\">\n\t\t\t\t\t<div class=\"elementor-column elementor-col-100 elementor-top-column elementor-element elementor-element-40ad124\" data-id=\"40ad124\" data-element_type=\"column\">\n\t\t\t<div class=\"elementor-widget-wrap elementor-element-populated\">\n\t\t\t\t\t\t<div class=\"elementor-element elementor-element-8dd7eef elementor-widget elementor-widget-slider_revolution\" data-id=\"8dd7eef\" data-element_type=\"widget\" data-widget_type=\"slider_revolution.default\">\n\t\t\t\t<div class=\"elementor-widget-container\">\n\t\t\t\t\t\n\t\t<div class=\"wp-block-themepunch-revslider\">\n\t\t\t<!-- START Soon REVOLUTION SLIDER 6.7.20 --><p class=\"rs-p-wp-fix\"><\/p>\n\t\t\t<rs-module-wrap id=\"rev_slider_5_1_wrapper\" data-source=\"gallery\" style=\"visibility:hidden;background:transparent;padding:0;\">\n\t\t\t\t<rs-module id=\"rev_slider_5_1\" style=\"\" data-version=\"6.7.20\">\n\t\t\t\t\t<rs-slides style=\"overflow: hidden; position: absolute;\">\n\t\t\t\t\t\t<rs-slide style=\"position: absolute;\" data-key=\"rs-14\" data-title=\"Slide\" data-anim=\"adpr:false;\" data-in=\"o:0;\" data-out=\"a:false;\">\n\t\t\t\t\t\t\t<img decoding=\"async\" src=\"\/\/www.livahaus.com\/wp-content\/plugins\/revslider\/sr6\/assets\/assets\/dummy.png\" alt=\"Slide\" title=\"Comming soon\" class=\"rev-slidebg tp-rs-img rs-lazyload\" data-lazyload=\"\/\/www.livahaus.com\/wp-content\/plugins\/revslider\/sr6\/assets\/assets\/transparent.png\" data-no-retina>\n<!--\n\t\t\t\t\t\t\t--><rs-layer\n\t\t\t\t\t\t\t\tid=\"slider-5-slide-14-layer-0\" \n\t\t\t\t\t\t\t\tdata-type=\"image\"\n\t\t\t\t\t\t\t\tdata-xy=\"x:r,r,l,l;xo:-20px,-20px,50px,50px;\"\n\t\t\t\t\t\t\t\tdata-text=\"w:normal;\"\n\t\t\t\t\t\t\t\tdata-dim=\"w:1315px,865px,1188px,1018px;h:986px,100%,886px,759px;\"\n\t\t\t\t\t\t\t\tdata-basealign=\"slide\"\n\t\t\t\t\t\t\t\tdata-rsp_o=\"off\"\n\t\t\t\t\t\t\t\tdata-rsp_bd=\"off\"\n\t\t\t\t\t\t\t\tdata-frame_0=\"x:right;\"\n\t\t\t\t\t\t\t\tdata-frame_1=\"e:slow;sp:600;\"\n\t\t\t\t\t\t\t\tdata-frame_999=\"o:1;e:slow;st:w;sp:800;sR:2500;\"\n\t\t\t\t\t\t\t\tstyle=\"z-index:6;\"\n\t\t\t\t\t\t\t><img fetchpriority=\"high\" decoding=\"async\" src=\"\/\/www.livahaus.com\/wp-content\/plugins\/revslider\/sr6\/assets\/assets\/dummy.png\" alt=\"\" class=\"tp-rs-img rs-lazyload\" width=\"1920\" height=\"1440\" data-lazyload=\"\/\/www.livahaus.com\/wp-content\/uploads\/livahaus-slider-1.jpg\" data-no-retina> \n\t\t\t\t\t\t\t<\/rs-layer><!--\n\n\t\t\t\t\t\t\t--><rs-layer\n\t\t\t\t\t\t\t\tid=\"slider-5-slide-14-layer-1\" \n\t\t\t\t\t\t\t\tdata-type=\"shape\"\n\t\t\t\t\t\t\t\tdata-xy=\"y:m;\"\n\t\t\t\t\t\t\t\tdata-text=\"w:normal;\"\n\t\t\t\t\t\t\t\tdata-dim=\"w:800px,650px,650px,350px;h:550px,550px,550px,450px;\"\n\t\t\t\t\t\t\t\tdata-basealign=\"slide\"\n\t\t\t\t\t\t\t\tdata-rsp_o=\"off\"\n\t\t\t\t\t\t\t\tdata-rsp_bd=\"off\"\n\t\t\t\t\t\t\t\tdata-frame_999=\"o:0;st:w;\"\n\t\t\t\t\t\t\t\tstyle=\"z-index:7;background-color:rgba(255,255,255,0.65);\"\n\t\t\t\t\t\t\t> \n\t\t\t\t\t\t\t<\/rs-layer><!--\n\n\t\t\t\t\t\t\t--><rs-layer\n\t\t\t\t\t\t\t\tid=\"slider-5-slide-14-layer-2\" \n\t\t\t\t\t\t\t\tdata-type=\"text\"\n\t\t\t\t\t\t\t\tdata-color=\"#000000\"\n\t\t\t\t\t\t\t\tdata-xy=\"xo:170px,170px,40px,35px;y:m;yo:155px,146px,85px,128px;\"\n\t\t\t\t\t\t\t\tdata-text=\"w:normal;\"\n\t\t\t\t\t\t\t\tdata-dim=\"w:231.45299999999997px,231px,231px,231px;\"\n\t\t\t\t\t\t\t\tdata-basealign=\"slide\"\n\t\t\t\t\t\t\t\tdata-rsp_o=\"off\"\n\t\t\t\t\t\t\t\tdata-rsp_bd=\"off\"\n\t\t\t\t\t\t\t\tdata-frame_0=\"y:50;\"\n\t\t\t\t\t\t\t\tdata-frame_1=\"e:power2.inOut;st:750;sp:600;\"\n\t\t\t\t\t\t\t\tdata-frame_999=\"y:-50;o:0;st:w;sp:1000;\"\n\t\t\t\t\t\t\t\tstyle=\"z-index:11;font-family:'Roboto';\"\n\t\t\t\t\t\t\t><a class=\"qodef-shortcode qodef-m  qodef-button qodef-layout--outlined  qodef-underline--default qodef-html--link\" href=\"\/kontakti\" target=\"_self\"  >\n\t<span class=\"qodef-m-text\">\u043a\u043e\u043d\u0442\u0430\u043a\u0442\u0438<\/span>\n\t<span class=\"qodef-m-corner qodef--top-left\" ><\/span>\n\t<span class=\"qodef-m-corner qodef--top-right\" ><\/span>\n\t<span class=\"qodef-m-corner qodef--bottom-left\" ><\/span>\n\t<span class=\"qodef-m-corner qodef--bottom-right\" ><\/span>\n\t<span class=\"qodef-m-btn-line qodef-btn-line--top\" ><\/span>\n\t<span class=\"qodef-m-btn-line qodef-btn-line--right\" ><\/span>\n\t<span class=\"qodef-m-btn-line qodef-btn-line--bottom\" ><\/span>\n\t<span class=\"qodef-m-btn-line qodef-btn-line--left\" ><\/span>\n<\/a>\n \n\t\t\t\t\t\t\t<\/rs-layer><!--\n\n\t\t\t\t\t\t\t--><rs-layer\n\t\t\t\t\t\t\t\tid=\"slider-5-slide-14-layer-5\" \n\t\t\t\t\t\t\t\tdata-type=\"text\"\n\t\t\t\t\t\t\t\tdata-color=\"#000000\"\n\t\t\t\t\t\t\t\tdata-xy=\"xo:170px,170px,40px,35px;y:m;yo:-91px,-93px,-95px,-52px;\"\n\t\t\t\t\t\t\t\tdata-text=\"w:normal;\"\n\t\t\t\t\t\t\t\tdata-dim=\"w:531px,531px,531px,331px;\"\n\t\t\t\t\t\t\t\tdata-basealign=\"slide\"\n\t\t\t\t\t\t\t\tdata-rsp_o=\"off\"\n\t\t\t\t\t\t\t\tdata-rsp_bd=\"off\"\n\t\t\t\t\t\t\t\tdata-frame_0=\"y:50;\"\n\t\t\t\t\t\t\t\tdata-frame_1=\"e:power2.inOut;st:450;sp:600;\"\n\t\t\t\t\t\t\t\tdata-frame_999=\"y:-50;o:0;st:w;sp:1000;\"\n\t\t\t\t\t\t\t\tdata-frame_hover=\"c:#000;\"\n\t\t\t\t\t\t\t\tstyle=\"z-index:10;font-family:'Roboto';\"\n\t\t\t\t\t\t\t><div class=\"qodef-shortcode qodef-m  qodef-section-title qodef-alignment--left \">\n\t\t\t<h3 class=\"qodef-m-title\" >\n\t\t\t\t\t\u041c\u043e\u0434\u0435\u0440\u043d\u0438 \u0441\u0433\u0440\u0430\u0434\u0438<br>\u043e\u0442 \u043e\u0441\u043d\u043e\u0432\u0438\u0442\u0435<br>\u0434\u043e \u0438\u0437\u043a\u0443\u0441\u0442\u0432\u0435\u043d\u0438\u044f \u0438\u043d\u0442\u0435\u043b\u0435\u043a\u0442\t\t\t<\/h3>\n\t<\/div>\n \n\t\t\t\t\t\t\t<\/rs-layer><!--\n\n\t\t\t\t\t\t\t--><rs-layer\n\t\t\t\t\t\t\t\tid=\"slider-5-slide-14-layer-7\" \n\t\t\t\t\t\t\t\tdata-type=\"text\"\n\t\t\t\t\t\t\t\tdata-color=\"#000000\"\n\t\t\t\t\t\t\t\tdata-xy=\"xo:170px,170px,813px,-755px;y:m;yo:52px,51px,-46px,-154px;\"\n\t\t\t\t\t\t\t\tdata-text=\"w:normal;\"\n\t\t\t\t\t\t\t\tdata-dim=\"w:531px;\"\n\t\t\t\t\t\t\t\tdata-vbility=\"t,t,f,f\"\n\t\t\t\t\t\t\t\tdata-basealign=\"slide\"\n\t\t\t\t\t\t\t\tdata-rsp_o=\"off\"\n\t\t\t\t\t\t\t\tdata-rsp_bd=\"off\"\n\t\t\t\t\t\t\t\tdata-frame_0=\"y:50;\"\n\t\t\t\t\t\t\t\tdata-frame_1=\"e:power2.inOut;st:600;sp:600;\"\n\t\t\t\t\t\t\t\tdata-frame_999=\"y:-50;o:0;st:w;sp:1000;\"\n\t\t\t\t\t\t\t\tdata-frame_hover=\"c:#000;\"\n\t\t\t\t\t\t\t\tstyle=\"z-index:9;font-family:'Roboto';\"\n\t\t\t\t\t\t\t><div class=\"qodef-shortcode qodef-m  qodef-section-title qodef-alignment--left \">\n\t\t\t\t<p class=\"qodef-m-text\" style=\"margin-top: 13px;font-size: 20px\">\u041d\u0438\u0435 \u0441\u043c\u0435 LIVAHAUS, \u043d\u0430\u0434\u0435\u0436\u0434\u0435\u043d \u043f\u0430\u0440\u0442\u043d\u044c\u043e\u0440 \u043e\u0442 \u0438\u0434\u0435\u044f\u0442\u0430 \u0434\u043e \u0440\u0435\u0430\u043b\u0438\u0437\u0430\u0446\u0438\u044f\u0442\u0430 \u043d\u0430 \u0432\u0430\u0448\u0430\u0442\u0430 \u0441\u0433\u0440\u0430\u0434\u0430.<\/p>\n<\/div>\n \n\t\t\t\t\t\t\t<\/rs-layer><!--\n\n\t\t\t\t\t\t\t--><rs-layer\n\t\t\t\t\t\t\t\tid=\"slider-5-slide-14-layer-9\" \n\t\t\t\t\t\t\t\tdata-type=\"text\"\n\t\t\t\t\t\t\t\tdata-color=\"#000000\"\n\t\t\t\t\t\t\t\tdata-xy=\"xo:175px,170px,813px,-755px;y:m;yo:-199px,-200px,-46px,-154px;\"\n\t\t\t\t\t\t\t\tdata-text=\"w:normal;\"\n\t\t\t\t\t\t\t\tdata-dim=\"w:531px;\"\n\t\t\t\t\t\t\t\tdata-vbility=\"t,t,f,f\"\n\t\t\t\t\t\t\t\tdata-basealign=\"slide\"\n\t\t\t\t\t\t\t\tdata-rsp_o=\"off\"\n\t\t\t\t\t\t\t\tdata-rsp_bd=\"off\"\n\t\t\t\t\t\t\t\tdata-frame_0=\"y:50;\"\n\t\t\t\t\t\t\t\tdata-frame_1=\"e:power2.inOut;st:300;sp:600;\"\n\t\t\t\t\t\t\t\tdata-frame_999=\"y:-50;o:0;st:w;sp:1000;\"\n\t\t\t\t\t\t\t\tdata-frame_hover=\"c:#000;\"\n\t\t\t\t\t\t\t\tstyle=\"z-index:8;font-family:'Roboto';\"\n\t\t\t\t\t\t\t><div class=\"qodef-shortcode qodef-m  qodef-section-title qodef-alignment--left \">\n\t\t<span class=\"qodef-m-tagline\" style=\"margin-bottom: 6px\"> \u0432\u0438\u0441\u043e\u043a\u043e\u043a\u0430\u0447\u0435\u0441\u0442\u0432\u0435\u043d\u043e \u0438\u043d\u043e\u0432\u0430\u0442\u0438\u0432\u043d\u043e \u0441\u0442\u0440\u043e\u0438\u0442\u0435\u043b\u0441\u0442\u0432\u043e<\/span>\n\t\t<\/div>\n \n\t\t\t\t\t\t\t<\/rs-layer><!--\n-->\t\t\t\t\t<\/rs-slide>\n\t\t\t\t\t<\/rs-slides>\n\t\t\t\t\t<rs-static-layers><!--\n\t\t\t\t\t--><\/rs-static-layers>\n\t\t\t\t<\/rs-module>\n\t\t\t\t<script>\n\t\t\t\t\tsetREVStartSize({c: 'rev_slider_5_1',rl:[1240,1024,778,480],el:[958,645,600,690],gw:[1400,1100,650,290],gh:[958,645,600,690],type:'standard',justify:'',layout:'fullscreen',offsetContainer:'html.no-touchevents #qodef-page-header, html.touchevents #qodef-page-mobile-header',offset:'0px',mh:\"0\"});if (window.RS_MODULES!==undefined && window.RS_MODULES.modules!==undefined && window.RS_MODULES.modules[\"revslider51\"]!==undefined) {window.RS_MODULES.modules[\"revslider51\"].once = false;window.revapi5 = undefined;if (window.RS_MODULES.checkMinimal!==undefined) window.RS_MODULES.checkMinimal()}\n\t\t\t\t<\/script>\n\t\t\t<\/rs-module-wrap>\n\t\t\t<!-- END REVOLUTION SLIDER -->\n<\/div>\n\n\t\t\t\t\t\t<\/div>\n\t\t\t\t<\/div>\n\t\t\t\t\t<\/div>\n\t\t<\/div>\n\t\t\t\t\t<\/div>\n\t\t<\/section>\n\t\t\t\t<\/div>\n\t\t","protected":false},"excerpt":{"rendered":"","protected":false},"author":1,"featured_media":0,"parent":0,"menu_order":0,"comment_status":"closed","ping_status":"closed","template":"page-full-width.php","meta":{"slim_seo":{"title":"LIVAHAUS | Moderne Geb\u00e4ude vom Fundament bis zur k\u00fcnstlichen Intelligenz","description":"Die neuesten Trends im Bauwesen und alle begleitenden Aktivit\u00e4ten f\u00fcr Ihr energieeffizientes Geb\u00e4ude vom Fundament bis zur k\u00fcnstlichen Intelligenz."},"footnotes":""},"class_list":["post-9747","page","type-page","status-publish","hentry"],"_links":{"self":[{"href":"https:\/\/www.livahaus.com\/de\/wp-json\/wp\/v2\/pages\/9747","targetHints":{"allow":["GET"]}}],"collection":[{"href":"https:\/\/www.livahaus.com\/de\/wp-json\/wp\/v2\/pages"}],"about":[{"href":"https:\/\/www.livahaus.com\/de\/wp-json\/wp\/v2\/types\/page"}],"author":[{"embeddable":true,"href":"https:\/\/www.livahaus.com\/de\/wp-json\/wp\/v2\/users\/1"}],"replies":[{"embeddable":true,"href":"https:\/\/www.livahaus.com\/de\/wp-json\/wp\/v2\/comments?post=9747"}],"version-history":[{"count":8,"href":"https:\/\/www.livahaus.com\/de\/wp-json\/wp\/v2\/pages\/9747\/revisions"}],"predecessor-version":[{"id":9756,"href":"https:\/\/www.livahaus.com\/de\/wp-json\/wp\/v2\/pages\/9747\/revisions\/9756"}],"wp:attachment":[{"href":"https:\/\/www.livahaus.com\/de\/wp-json\/wp\/v2\/media?parent=9747"}],"curies":[{"name":"wp","href":"https:\/\/api.w.org\/{rel}","templated":true}]}}