{"id":2405,"date":"2021-01-04T09:52:30","date_gmt":"2021-01-04T07:52:30","guid":{"rendered":"https:\/\/emaurri.qodeinteractive.com\/?page_id=2405"},"modified":"2025-11-20T08:39:39","modified_gmt":"2025-11-20T06:39:39","slug":"za-nas","status":"publish","type":"page","link":"https:\/\/www.livahaus.com\/de\/za-nas\/","title":{"rendered":"\u00dcber uns"},"content":{"rendered":"<div data-elementor-type=\"wp-page\" data-elementor-id=\"2405\" class=\"elementor elementor-2405\">\n\t\t\t\t\t\t<section class=\"elementor-section elementor-top-section elementor-element elementor-element-9280bcd elementor-section-full_width qodef-elementor-content-grid elementor-section-height-default elementor-section-height-default\" data-id=\"9280bcd\" data-element_type=\"section\">\n\t\t\t\t\t\t<div class=\"elementor-container elementor-column-gap-default\">\n\t\t\t\t\t<div class=\"elementor-column elementor-col-50 elementor-top-column elementor-element elementor-element-46f1d32\" data-id=\"46f1d32\" data-element_type=\"column\">\n\t\t\t<div class=\"elementor-widget-wrap elementor-element-populated\">\n\t\t\t\t\t\t<div class=\"elementor-element elementor-element-3d106d4 elementor-widget__width-initial elementor-widget elementor-widget-text-editor\" data-id=\"3d106d4\" data-element_type=\"widget\" data-widget_type=\"text-editor.default\">\n\t\t\t\t<div class=\"elementor-widget-container\">\n\t\t\t\t\t\t\t\t\t<h3><\/h3>\n<h3>Moderne Geb\u00e4ude<br>von den Grundlagen\nbis zur k\u00fcnstlichen Intelligenz<\/h3>\t\t\t\t\t\t\t\t<\/div>\n\t\t\t\t<\/div>\n\t\t\t\t<div class=\"elementor-element elementor-element-36c8453 elementor-widget-divider--view-line elementor-widget elementor-widget-divider\" data-id=\"36c8453\" data-element_type=\"widget\" data-widget_type=\"divider.default\">\n\t\t\t\t<div class=\"elementor-widget-container\">\n\t\t\t\t\t\t\t<div class=\"elementor-divider\">\n\t\t\t<span class=\"elementor-divider-separator\">\n\t\t\t\t\t\t<\/span>\n\t\t<\/div>\n\t\t\t\t\t\t<\/div>\n\t\t\t\t<\/div>\n\t\t\t\t\t<\/div>\n\t\t<\/div>\n\t\t\t\t<div class=\"elementor-column elementor-col-50 elementor-top-column elementor-element elementor-element-128a8b1\" data-id=\"128a8b1\" data-element_type=\"column\">\n\t\t\t<div class=\"elementor-widget-wrap elementor-element-populated\">\n\t\t\t\t\t\t<div class=\"elementor-element elementor-element-77e76e9 elementor-widget elementor-widget-text-editor\" data-id=\"77e76e9\" data-element_type=\"widget\" data-widget_type=\"text-editor.default\">\n\t\t\t\t<div class=\"elementor-widget-container\">\n\t\t\t\t\t\t\t\t\t<p><b>Wer wir sind<\/b><\/p>\n<p>Livhaus AD ist ein innovatives Start-up-Bauunternehmen mit einem starken technologischen Fokus und einem Team mit langj\u00e4hriger Erfahrung in schl\u00fcsselfertigen Projekten. Das Unternehmen wurde als Zusammenschluss dreier etablierter Unternehmen aus den Bereichen Bauwesen, Ingenieursysteme und Digitaltechnik gegr\u00fcndet, was es uns erm\u00f6glicht, den gesamten Lebenszyklus eines Geb\u00e4udes abzudecken - vom Entwurf bis zum intelligenten Betrieb.  Wir kombinieren Ingenieursysteme, digitale Technologie und k\u00fcnstliche Intelligenz mit dem klassischen Bauwesen, um unseren Kunden nachhaltige, hochwertige und innovative Geb\u00e4ude mit einem garantiert langen Lebenszyklus anzubieten. Wir sind auf den Bau von Null-Energie-Geb\u00e4uden spezialisiert, die maximale Energieeffizienz mit modernsten Komfort- und Steuerungstechnologien verbinden.<\/p>\n<p><b>Unser Auftrag<\/b><\/p>\n<p>Wir versuchen, die Art und Weise, wie wir bauen, durch integrierte L\u00f6sungen vom Fundament bis zum intelligenten Geb\u00e4udemanagement zu ver\u00e4ndern. Unser Ziel sind nicht niedrige Anschaffungskosten, sondern optimierte Gesamtbetriebskosten (TCO) und eine maximale Kapitalrendite (ROI), um unseren Kunden Stabilit\u00e4t und Sicherheit zu bieten. Langfristig spart dieser Ansatz ein Vielfaches durch niedrige Betriebskosten, minimale Wartung und Langlebigkeit der L\u00f6sungen.<\/p>\n<p><b>Unsere Vision<\/b><\/p>\n<p>Die Welt ist auf dem Weg zu intelligenten und energieeffizienten Geb\u00e4uden. Wir stellen uns eine Zukunft vor, in der jedes Geb\u00e4ude als integraler Bestandteil des st\u00e4dtischen \u00d6kosystems funktioniert - digitalisiert, autonom und umweltfreundlich, indem es seine eigene Energie erzeugt und den Verbrauch und Komfort in Echtzeit optimiert. Unser Ziel ist es, diesen Prozess in Bulgarien anzuf\u00fchren und ihn allen Sektoren zug\u00e4nglich zu machen.<\/p>\n<p><b>Unser Ansatz<\/b><\/p>\n<p>Jedes Projekt beginnt mit einer detaillierten technischen \u00dcbersicht und Planung, wobei unsere eigene Online-Plattform zur Verwaltung von Kundenprojekten, Aufgaben und Anfragen f\u00fcr eine bessere Kommunikation, transparente Nachverfolgung und ein hohes Ma\u00df an Organisation eingesetzt wird. Wir integrieren monolithische und modulare Bauweise, Geb\u00e4udesysteme, erneuerbare Energien, IT und intelligente L\u00f6sungen in einem einzigen Vertrag, wodurch Konflikte und unn\u00f6tige Verz\u00f6gerungen vermieden werden.<\/p>\n<p><b>Unsere Grunds\u00e4tze<\/b><\/p>\n<p>- Qualit\u00e4t<br>Wir w\u00e4hlen Materialien und Technologien aus, die sich im Laufe der Zeit bew\u00e4hrt haben, und zwar zu einem optimalen Preis-Leistungs-Verh\u00e4ltnis, das maximale Effizienz und Langlebigkeit der Investition gew\u00e4hrleistet.<\/p>\n<p>- Transparenz<br>Unsere Kunden sind mit jeder Phase vertraut und verf\u00fcgen \u00fcber korrekte Informationen zu jeder L\u00f6sung. Wir w\u00e4hlen die optimalen Optionen f\u00fcr den Investor, denn eine langfristige Partnerschaft, die auf gegenseitigem Vertrauen und Transparenz beruht, ist uns wichtig.<\/p>\n<p>- Partnerschaft<br>Unser Engagement geht \u00fcber traditionelle Gesch\u00e4ftsbeziehungen hinaus. Wir schlie\u00dfen echte Freundschaften mit unseren Kunden und arbeiten mit ihnen als Team zusammen - von der ersten Idee bis zur Instandhaltung des Geb\u00e4udes.<\/p>\n<p>- Neuerungen<br>Wir investieren in F&amp;E-Aktivit\u00e4ten in den Bereichen Energieeffizienz, digitale und intelligente L\u00f6sungen, um unseren Kunden einen Wettbewerbsvorteil und modernste Geb\u00e4ude zu sichern.<\/p>\n<p><b>Unser Team<\/b><\/p>\n<p>Unsere Spezialisten verf\u00fcgen \u00fcber langj\u00e4hrige Erfahrung in allen von uns angebotenen T\u00e4tigkeiten und Dienstleistungen. F\u00fchrende Teammitglieder haben gro\u00dfe Projekte f\u00fcr Firmenkunden und \u00f6ffentliche Einrichtungen mit garantierter Qualit\u00e4t, Zeit- und Budgeterf\u00fcllung abgeschlossen.<\/p>\n<p><b>Unser Vorschlag<\/b><\/p>\n<p>Ein Vertrag f\u00fcr alle Arbeiten, um Stress, Nacharbeit, Zeitverschwendung und unn\u00f6tige Kosten zu vermeiden, die mit der Koordinierung verschiedener Auftragnehmer verbunden sind. Wir konzentrieren uns auf die Einhaltung von Versprechen mit messbaren Ergebnissen und vollst\u00e4ndiger Kundenzufriedenheit. Dieser Ansatz gew\u00e4hrleistet nicht nur qualitativ hochwertige Geb\u00e4ude, sondern auch erhebliche Einsparungen und eine hohe Kapitalrendite \u00fcber den gesamten Lebenszyklus.<\/p>\t\t\t\t\t\t\t\t<\/div>\n\t\t\t\t<\/div>\n\t\t\t\t<div class=\"elementor-element elementor-element-8d78430 elementor-widget elementor-widget-spacer\" data-id=\"8d78430\" data-element_type=\"widget\" data-widget_type=\"spacer.default\">\n\t\t\t\t<div class=\"elementor-widget-container\">\n\t\t\t\t\t\t\t<div class=\"elementor-spacer\">\n\t\t\t<div class=\"elementor-spacer-inner\"><\/div>\n\t\t<\/div>\n\t\t\t\t\t\t<\/div>\n\t\t\t\t<\/div>\n\t\t\t\t\t<\/div>\n\t\t<\/div>\n\t\t\t\t\t<\/div>\n\t\t<\/section>\n\t\t\t\t<\/div>","protected":false},"excerpt":{"rendered":"<p>\u041c\u043e\u0434\u0435\u0440\u043d\u0438 \u0441\u0433\u0440\u0430\u0434\u0438\u043e\u0442 \u043e\u0441\u043d\u043e\u0432\u0438\u0442\u0435 \u0434\u043e \u0438\u0437\u043a\u0443\u0441\u0442\u0432\u0435\u043d\u0438\u044f \u0438\u043d\u0442\u0435\u043b\u0435\u043a\u0442 \u041a\u043e\u0438 \u0441\u043c\u0435 \u043d\u0438\u0435 \u041b\u0438\u0432\u0430\u0445\u0430\u0443\u0441 \u0410\u0414 e \u0438\u043d\u043e\u0432\u0430\u0442\u0438\u0432\u043d\u0430 \u0441\u0442\u0430\u0440\u0442\u044a\u043f \u0441\u0442\u0440\u043e\u0438\u0442\u0435\u043b\u043d\u0430 \u043a\u043e\u043c\u043f\u0430\u043d\u0438\u044f \u0441\u044a\u0441 \u0441\u0438\u043b\u0435\u043d \u0442\u0435\u0445\u043d\u043e\u043b\u043e\u0433\u0438\u0447\u0435\u043d \u0444\u043e\u043a\u0443\u0441 \u0438 \u0435\u043a\u0438\u043f \u0441 \u0434\u044a\u043b\u0433\u043e\u0433\u043e\u0434\u0438\u0448\u0435\u043d \u043e\u043f\u0438\u0442 \u0432 \u0440\u0435\u0430\u043b\u0438\u0437\u0438\u0440\u0430\u043d\u0435\u0442\u043e \u043d\u0430 \u043f\u0440\u043e\u0435\u043a\u0442\u0438 \u0434\u043e \u043a\u043b\u044e\u0447. \u041a\u043e\u043c\u043f\u0430\u043d\u0438\u044f\u0442\u0430 \u0435 \u0441\u044a\u0437\u0434\u0430\u0434\u0435\u043d\u0430 \u043a\u0430\u0442\u043e \u043e\u0431\u0435\u0434\u0438\u043d\u0435\u043d\u0438\u0435 \u043d\u0430 \u0442\u0440\u0438 \u0443\u0442\u0432\u044a\u0440\u0434\u0435\u043d\u0438 \u0444\u0438\u0440\u043c\u0438 \u0432 \u0441\u0442\u0440\u043e\u0438\u0442\u0435\u043b\u0441\u0442\u0432\u043e\u0442\u043e, \u0438\u043d\u0436\u0435\u043d\u0435\u0440\u043d\u0438\u0442\u0435 \u0441\u0438\u0441\u0442\u0435\u043c\u0438 \u0438 \u0434\u0438\u0433\u0438\u0442\u0430\u043b\u043d\u0438\u0442\u0435 \u0442\u0435\u0445\u043d\u043e\u043b\u043e\u0433\u0438\u0438, \u043a\u043e\u0435\u0442\u043e \u043d\u0438 \u043f\u043e\u0437\u0432\u043e\u043b\u044f\u0432\u0430 \u0434\u0430 \u043f\u043e\u043a\u0440\u0438\u0435\u043c \u0446\u0435\u043b\u0438\u044f \u0436\u0438\u0437\u043d\u0435\u043d \u0446\u0438\u043a\u044a\u043b [&hellip;]<\/p>\n","protected":false},"author":1,"featured_media":0,"parent":0,"menu_order":0,"comment_status":"closed","ping_status":"closed","template":"page-full-width.php","meta":{"slim_seo":{"description":"Livhaus AD ist ein innovatives, neu gegr\u00fcndetes Bauunternehmen mit einer starken technologischen Ausrichtung und einem Team mit langj\u00e4hriger Erfahrung in schl\u00fcsselfertigen Projekten.","title":"\u00dcber uns - LIVAHAUS"},"footnotes":""},"class_list":["post-2405","page","type-page","status-publish","hentry"],"_links":{"self":[{"href":"https:\/\/www.livahaus.com\/de\/wp-json\/wp\/v2\/pages\/2405","targetHints":{"allow":["GET"]}}],"collection":[{"href":"https:\/\/www.livahaus.com\/de\/wp-json\/wp\/v2\/pages"}],"about":[{"href":"https:\/\/www.livahaus.com\/de\/wp-json\/wp\/v2\/types\/page"}],"author":[{"embeddable":true,"href":"https:\/\/www.livahaus.com\/de\/wp-json\/wp\/v2\/users\/1"}],"replies":[{"embeddable":true,"href":"https:\/\/www.livahaus.com\/de\/wp-json\/wp\/v2\/comments?post=2405"}],"version-history":[{"count":73,"href":"https:\/\/www.livahaus.com\/de\/wp-json\/wp\/v2\/pages\/2405\/revisions"}],"predecessor-version":[{"id":9808,"href":"https:\/\/www.livahaus.com\/de\/wp-json\/wp\/v2\/pages\/2405\/revisions\/9808"}],"wp:attachment":[{"href":"https:\/\/www.livahaus.com\/de\/wp-json\/wp\/v2\/media?parent=2405"}],"curies":[{"name":"wp","href":"https:\/\/api.w.org\/{rel}","templated":true}]}}